{"id":3,"date":"2024-04-20T14:38:46","date_gmt":"2024-04-20T14:38:46","guid":{"rendered":"https:\/\/taxiparis.contact\/?page_id=3"},"modified":"2024-05-18T18:50:15","modified_gmt":"2024-05-18T18:50:15","slug":"politique-de-confidentialite","status":"publish","type":"page","link":"https:\/\/taxiparis.contact\/en\/politique-de-confidentialite\/","title":{"rendered":"Privacy policy"},"content":{"rendered":"<div data-elementor-type=\"wp-page\" data-elementor-id=\"3\" class=\"elementor elementor-3\">\n\t\t\t\t<div class=\"elementor-element elementor-element-ad88674 e-flex e-con-boxed e-con e-parent\" data-id=\"ad88674\" data-element_type=\"container\" data-e-type=\"container\">\n\t\t\t\t\t<div class=\"e-con-inner\">\n\t\t\t\t<div class=\"elementor-element elementor-element-50dbc60 elementor-widget elementor-widget-heading\" data-id=\"50dbc60\" data-element_type=\"widget\" data-e-type=\"widget\" data-widget_type=\"heading.default\">\n\t\t\t\t<div class=\"elementor-widget-container\">\n\t\t\t\t\t<h2 class=\"elementor-heading-title elementor-size-default\">Privacy policy<\/h2>\t\t\t\t<\/div>\n\t\t\t\t<\/div>\n\t\t\t\t\t<\/div>\n\t\t\t\t<\/div>\n\t\t<div class=\"elementor-element elementor-element-cfa7d95 e-flex e-con-boxed e-con e-parent\" data-id=\"cfa7d95\" data-element_type=\"container\" data-e-type=\"container\">\n\t\t\t\t\t<div class=\"e-con-inner\">\n\t\t\t\t<div class=\"elementor-element elementor-element-fa90620 elementor-widget-divider--view-line elementor-widget elementor-widget-divider\" data-id=\"fa90620\" data-element_type=\"widget\" data-e-type=\"widget\" data-widget_type=\"divider.default\">\n\t\t\t\t<div class=\"elementor-widget-container\">\n\t\t\t\t\t\t\t<div class=\"elementor-divider\">\n\t\t\t<span class=\"elementor-divider-separator\">\n\t\t\t\t\t\t<\/span>\n\t\t<\/div>\n\t\t\t\t\t\t<\/div>\n\t\t\t\t<\/div>\n\t\t\t\t\t<\/div>\n\t\t\t\t<\/div>\n\t\t<div class=\"elementor-element elementor-element-255b02c4 e-flex e-con-boxed e-con e-parent\" data-id=\"255b02c4\" data-element_type=\"container\" data-e-type=\"container\">\n\t\t\t\t\t<div class=\"e-con-inner\">\n\t\t<div class=\"elementor-element elementor-element-e882d79 e-flex e-con-boxed e-con e-child\" data-id=\"e882d79\" data-element_type=\"container\" data-e-type=\"container\">\n\t\t\t\t\t<div class=\"e-con-inner\">\n\t\t<div class=\"elementor-element elementor-element-ebe3f4a e-flex e-con-boxed e-con e-child\" data-id=\"ebe3f4a\" data-element_type=\"container\" data-e-type=\"container\">\n\t\t\t\t\t<div class=\"e-con-inner\">\n\t\t\t\t<div class=\"elementor-element elementor-element-2a96c79 elementor-widget__width-auto elementor-widget elementor-widget-text-editor\" data-id=\"2a96c79\" data-element_type=\"widget\" data-e-type=\"widget\" data-widget_type=\"text-editor.default\">\n\t\t\t\t<div class=\"elementor-widget-container\">\n\t\t\t\t\t\t\t\t\t<p><strong>1\/ Collecting information <\/strong><\/p>\n<p>We collect the information when you register on our site, when you log in to your account, make a purchase, enter a contest, and\/or when you log out. The information collected includes your name, e-mail address, phone number, and\/or credit card information.<\/p>\n<p>In addition, we automatically receive and record the information from your computer and browser, including your IP address, your software and hardware, and the page you request.<\/p>\t\t\t\t\t\t\t\t<\/div>\n\t\t\t\t<\/div>\n\t\t\t\t<div class=\"elementor-element elementor-element-d669f91 elementor-widget__width-inherit elementor-widget elementor-widget-text-editor\" data-id=\"d669f91\" data-element_type=\"widget\" data-e-type=\"widget\" data-widget_type=\"text-editor.default\">\n\t\t\t\t<div class=\"elementor-widget-container\">\n\t\t\t\t\t\t\t\t\t<p><strong>2\/ Using the information <\/strong><\/p>\n<p>Any information that we collect from of you may be used for :<\/p>\n<p>- Personalise your experience and meet your individual needs<\/p>\n<p>- Providing personalised advertising content<\/p>\n<p>- Improving our website<\/p>\n<p>- Improving customer service and your support needs<\/p>\n<p>- Contact you by e-mail<\/p>\n<p>- Manage a competition, promotion or enquiry.<\/p>\t\t\t\t\t\t\t\t<\/div>\n\t\t\t\t<\/div>\n\t\t\t\t<div class=\"elementor-element elementor-element-1efe697 elementor-widget__width-inherit elementor-widget elementor-widget-text-editor\" data-id=\"1efe697\" data-element_type=\"widget\" data-e-type=\"widget\" data-widget_type=\"text-editor.default\">\n\t\t\t\t<div class=\"elementor-widget-container\">\n\t\t\t\t\t\t\t\t\t<p><strong>3\/ Confidentiality of online commerce <\/strong><\/p>\n<p>We are the only owners of the informations collected on this website. Your personal informations will not be sold, exchanged, transferred, or given to any other company for any reason, without your consent, other than what is necessary to respond to a request and\/or a transaction, such as for example to ship an order.<\/p>\t\t\t\t\t\t\t\t<\/div>\n\t\t\t\t<\/div>\n\t\t\t\t<div class=\"elementor-element elementor-element-62ea4ae elementor-widget elementor-widget-text-editor\" data-id=\"62ea4ae\" data-element_type=\"widget\" data-e-type=\"widget\" data-widget_type=\"text-editor.default\">\n\t\t\t\t<div class=\"elementor-widget-container\">\n\t\t\t\t\t\t\t\t\t<p><strong>4\/ Disclosure to other parties <\/strong><\/p>\n<p>We do not sell, trade or otherwise transfer your personally identifiable information to other parties. This does not include trusted others parties who assist us in operating our website or conducting our business, so long as those parties agree to keep this information confidential.<\/p>\n<p>We believe it is necessary to share the information in order to investigate, prevent or take action regarding illegal activities, suspected fraud, situations involving potential threats to the physical safety of any person, violations of our terms of use, or when we are required to do so by law.<\/p>\n<p>The informations which are not private, however, may be provided to the other parties for marketing, advertising, or other uses.<\/p>\t\t\t\t\t\t\t\t<\/div>\n\t\t\t\t<\/div>\n\t\t\t\t<div class=\"elementor-element elementor-element-425e52b elementor-widget elementor-widget-text-editor\" data-id=\"425e52b\" data-element_type=\"widget\" data-e-type=\"widget\" data-widget_type=\"text-editor.default\">\n\t\t\t\t<div class=\"elementor-widget-container\">\n\t\t\t\t\t\t\t\t\t<p><strong>5\/ Protecting information <\/strong><\/p>\n<p>We maintain a variety of security measures to keep your personal information safe. We use cutting-edge encryption to protect information transmitted online. We also protect your information offline. Only the employees who need to perform a specific job (for example, billing or customer service) have access to personally identifiable information. Computers and servers used to store personally identifiable information are kept in a secure environment.<\/p>\n<p><strong>Do we use cookies? <\/strong><\/p>\n<p>Our cookies improve access to our website and identify repeat visitors. In addition, our cookies improve the user experience by tracking and targeting user interests. However, this use of cookies is in no way linked to any personally identifiable information on our website.<\/p>\t\t\t\t\t\t\t\t<\/div>\n\t\t\t\t<\/div>\n\t\t\t\t<div class=\"elementor-element elementor-element-a89382f elementor-widget elementor-widget-text-editor\" data-id=\"a89382f\" data-element_type=\"widget\" data-e-type=\"widget\" data-widget_type=\"text-editor.default\">\n\t\t\t\t<div class=\"elementor-widget-container\">\n\t\t\t\t\t\t\t\t\t<p><strong>6\/ Unsubscribing <\/strong><\/p>\n<p>We use the e-mail address that you provide to send you the information and updates relating to your order, occasional company news, the information on related products, etc. We may also use your e-mail address to send you information about our products and services. If at any time you wish to unsubscribe and no longer receive emails, detailed unsubscribe instructions are included at the bottom of each email.<\/p>\t\t\t\t\t\t\t\t<\/div>\n\t\t\t\t<\/div>\n\t\t\t\t<div class=\"elementor-element elementor-element-6dffd8b elementor-widget elementor-widget-text-editor\" data-id=\"6dffd8b\" data-element_type=\"widget\" data-e-type=\"widget\" data-widget_type=\"text-editor.default\">\n\t\t\t\t<div class=\"elementor-widget-container\">\n\t\t\t\t\t\t\t\t\t<p><strong>7\/ Consent <\/strong><\/p>\n<p>By using our website, you agree to our privacy policy.<\/p>\t\t\t\t\t\t\t\t<\/div>\n\t\t\t\t<\/div>\n\t\t\t\t\t<\/div>\n\t\t\t\t<\/div>\n\t\t\t\t\t<\/div>\n\t\t\t\t<\/div>\n\t\t\t\t\t<\/div>\n\t\t\t\t<\/div>\n\t\t<div class=\"elementor-element elementor-element-2f49b95 elementor-hidden-desktop elementor-hidden-tablet elementor-hidden-mobile e-flex e-con-boxed e-con e-parent\" data-id=\"2f49b95\" data-element_type=\"container\" data-e-type=\"container\">\n\t\t\t\t\t<div class=\"e-con-inner\">\n\t\t\t\t<div class=\"elementor-element elementor-element-b60048f elementor-widget elementor-widget-text-editor\" data-id=\"b60048f\" data-element_type=\"widget\" data-e-type=\"widget\" data-widget_type=\"text-editor.default\">\n\t\t\t\t<div class=\"elementor-widget-container\">\n\t\t\t\t\t\t\t\t\t\n<h2 class=\"wp-block-heading\">Who we are<\/h2>\n\n\n<p><strong class=\"privacy-policy-tutorial\">Suggested text: <\/strong>Our website address is: https:\/\/taxiparis.contact.<\/p>\n\n\n<h2 class=\"wp-block-heading\">Comments<\/h2>\n\n\n<p><strong class=\"privacy-policy-tutorial\">Suggested text: <\/strong>When visitors leave comments on the site we collect the data shown in the comments form, and also the visitor&#8217;s IP address and browser user agent string to help spam detection.<\/p>\n\n\n<p>An anonymized string created from your email address (also called a hash) may be provided to the Gravatar service to see if you are using it. The Gravatar service privacy policy is available here: https:\/\/automattic.com\/privacy\/. After approval of your comment, your profile picture is visible to the public in the context of your comment.<\/p>\n\n\n<h2 class=\"wp-block-heading\">Media<\/h2>\n\n\n<p><strong class=\"privacy-policy-tutorial\">Suggested text: <\/strong>If you upload images to the website, you should avoid uploading images with embedded location data (EXIF GPS) included. Visitors to the website can download and extract any location data from images on the website.<\/p>\n\n\n<h2 class=\"wp-block-heading\">Cookies<\/h2>\n\n\n<p><strong class=\"privacy-policy-tutorial\">Suggested text: <\/strong>If you leave a comment on our site you may opt-in to saving your name, email address and website in cookies. These are for your convenience so that you do not have to fill in your details again when you leave another comment. These cookies will last for one year.<\/p>\n\n\n<p>If you visit our login page, we will set a temporary cookie to determine if your browser accepts cookies. This cookie contains no personal data and is discarded when you close your browser.<\/p>\n\n\n<p>When you log in, we will also set up several cookies to save your login information and your screen display choices. Login cookies last for two days, and screen options cookies last for a year. If you select &quot;Remember Me&quot;, your login will persist for two weeks. If you log out of your account, the login cookies will be removed.<\/p>\n\n\n<p>If you edit or publish an article, an additional cookie will be saved in your browser. This cookie includes no personal data and simply indicates the post ID of the article you just edited. It expires after 1 day.<\/p>\n\n\n<h2 class=\"wp-block-heading\">Embedded content from other websites<\/h2>\n\n\n<p><strong class=\"privacy-policy-tutorial\">Suggested text: <\/strong>Articles on this site may include embedded content (e.g. videos, images, articles, etc.). Embedded content from other websites behaves in the exact same way as if the visitor has visited the other website.<\/p>\n\n\n<p>These websites may collect data about you, use cookies, embed additional third-party tracking, and monitor your interaction with that embedded content, including tracking your interaction with the embedded content if you have an account and are logged in to that website.<\/p>\n\n\n<h2 class=\"wp-block-heading\">Who we share your data with<\/h2>\n\n\n<p><strong class=\"privacy-policy-tutorial\">Suggested text: <\/strong>If you request a password reset, your IP address will be included in the reset email.<\/p>\n\n\n<h2 class=\"wp-block-heading\">How long we retain your data<\/h2>\n\n\n<p><strong class=\"privacy-policy-tutorial\">Suggested text: <\/strong>If you leave a comment, the comment and its metadata are retained indefinitely. This is so we can recognize and approve any follow-up comments automatically instead of holding them in a moderation queue.<\/p>\n\n\n<p>For users that register on our website (if any), we also store the personal information they provide in their user profile. All users can see, edit, or delete their personal information at any time (except they cannot change their username). Website administrators can also see and edit that information.<\/p>\n\n\n<h2 class=\"wp-block-heading\">What rights you have over your data<\/h2>\n\n\n<p><strong class=\"privacy-policy-tutorial\">Suggested text: <\/strong>If you have an account on this site, or have left comments, you can request to receive an exported file of the personal data we hold about you, including any data you have provided to us. You can also request that we erase any personal data we hold about you. This does not include any data we are obliged to keep for administrative, legal, or security purposes.<\/p>\n\n\n<h2 class=\"wp-block-heading\">Where your data is sent<\/h2>\n\n\n<p><strong class=\"privacy-policy-tutorial\">Suggested text: <\/strong>Visitor comments may be checked through an automated spam detection service.<\/p>\n\n\t\t\t\t\t\t\t\t<\/div>\n\t\t\t\t<\/div>\n\t\t\t\t\t<\/div>\n\t\t\t\t<\/div>\n\t\t\t\t<\/div>","protected":false},"excerpt":{"rendered":"<p>Politique de confidentialit\u00e9 1\/\u00a0 \u00a0Collecte de l\u2019information Nous recueillons des informations lorsque vous vous inscrivez sur notre site, lorsque vous vous connectez \u00e0 votre compte, faites un achat, participez \u00e0 un concours, et \/ ou lorsque vous vous d\u00e9connectez. Les informations recueillies incluent votre nom, votre adresse e-mail, num\u00e9ro de t\u00e9l\u00e9phone, et \/ ou carte [&hellip;]<\/p>\n","protected":false},"author":4,"featured_media":0,"parent":0,"menu_order":0,"comment_status":"closed","ping_status":"closed","template":"","meta":{"site-sidebar-layout":"default","site-content-layout":"","ast-site-content-layout":"default","site-content-style":"default","site-sidebar-style":"default","ast-global-header-display":"","ast-banner-title-visibility":"","ast-main-header-display":"","ast-hfb-above-header-display":"","ast-hfb-below-header-display":"","ast-hfb-mobile-header-display":"","site-post-title":"disabled","ast-breadcrumbs-content":"","ast-featured-img":"","footer-sml-layout":"","theme-transparent-header-meta":"","adv-header-id-meta":"","stick-header-meta":"","header-above-stick-meta":"","header-main-stick-meta":"","header-below-stick-meta":"","astra-migrate-meta-layouts":"set","ast-page-background-enabled":"default","ast-page-background-meta":{"desktop":{"background-color":"var(--ast-global-color-4)","background-image":"","background-repeat":"repeat","background-position":"center center","background-size":"auto","background-attachment":"scroll","background-type":"","background-media":"","overlay-type":"","overlay-color":"","overlay-gradient":""},"tablet":{"background-color":"","background-image":"","background-repeat":"repeat","background-position":"center center","background-size":"auto","background-attachment":"scroll","background-type":"","background-media":"","overlay-type":"","overlay-color":"","overlay-gradient":""},"mobile":{"background-color":"","background-image":"","background-repeat":"repeat","background-position":"center center","background-size":"auto","background-attachment":"scroll","background-type":"","background-media":"","overlay-type":"","overlay-color":"","overlay-gradient":""}},"ast-content-background-meta":{"desktop":{"background-color":"var(--ast-global-color-5)","background-image":"","background-repeat":"repeat","background-position":"center center","background-size":"auto","background-attachment":"scroll","background-type":"","background-media":"","overlay-type":"","overlay-color":"","overlay-gradient":""},"tablet":{"background-color":"var(--ast-global-color-5)","background-image":"","background-repeat":"repeat","background-position":"center center","background-size":"auto","background-attachment":"scroll","background-type":"","background-media":"","overlay-type":"","overlay-color":"","overlay-gradient":""},"mobile":{"background-color":"var(--ast-global-color-5)","background-image":"","background-repeat":"repeat","background-position":"center center","background-size":"auto","background-attachment":"scroll","background-type":"","background-media":"","overlay-type":"","overlay-color":"","overlay-gradient":""}},"footnotes":""},"class_list":["post-3","page","type-page","status-publish","hentry"],"aioseo_notices":[],"jetpack_sharing_enabled":true,"_links":{"self":[{"href":"https:\/\/taxiparis.contact\/en\/wp-json\/wp\/v2\/pages\/3","targetHints":{"allow":["GET"]}}],"collection":[{"href":"https:\/\/taxiparis.contact\/en\/wp-json\/wp\/v2\/pages"}],"about":[{"href":"https:\/\/taxiparis.contact\/en\/wp-json\/wp\/v2\/types\/page"}],"author":[{"embeddable":true,"href":"https:\/\/taxiparis.contact\/en\/wp-json\/wp\/v2\/users\/4"}],"replies":[{"embeddable":true,"href":"https:\/\/taxiparis.contact\/en\/wp-json\/wp\/v2\/comments?post=3"}],"version-history":[{"count":14,"href":"https:\/\/taxiparis.contact\/en\/wp-json\/wp\/v2\/pages\/3\/revisions"}],"predecessor-version":[{"id":24901,"href":"https:\/\/taxiparis.contact\/en\/wp-json\/wp\/v2\/pages\/3\/revisions\/24901"}],"wp:attachment":[{"href":"https:\/\/taxiparis.contact\/en\/wp-json\/wp\/v2\/media?parent=3"}],"curies":[{"name":"wp","href":"https:\/\/api.w.org\/{rel}","templated":true}]}}