{"id":310,"date":"2021-11-04T10:21:32","date_gmt":"2021-11-04T10:21:32","guid":{"rendered":"https:\/\/taxiparis.contact\/?page_id=310"},"modified":"2024-06-03T00:55:42","modified_gmt":"2024-06-03T00:55:42","slug":"prestation","status":"publish","type":"page","link":"https:\/\/taxiparis.contact\/en\/prestation\/","title":{"rendered":"Services"},"content":{"rendered":"<div data-elementor-type=\"wp-page\" data-elementor-id=\"310\" class=\"elementor elementor-310\">\n\t\t\t\t<div class=\"elementor-element elementor-element-122e55f e-flex e-con-boxed e-con e-parent\" data-id=\"122e55f\" data-element_type=\"container\" data-e-type=\"container\" data-settings=\"{&quot;background_background&quot;:&quot;classic&quot;}\">\n\t\t\t\t\t<div class=\"e-con-inner\">\n\t\t<div class=\"elementor-element elementor-element-d4f38d4 e-con-full e-flex e-con e-child\" data-id=\"d4f38d4\" data-element_type=\"container\" data-e-type=\"container\">\n\t\t\t\t<div class=\"elementor-element elementor-element-63d7f54 elementor-widget__width-auto elementor-widget elementor-widget-heading\" data-id=\"63d7f54\" data-element_type=\"widget\" data-e-type=\"widget\" id=\"Prestation\" data-widget_type=\"heading.default\">\n\t\t\t\t<div class=\"elementor-widget-container\">\n\t\t\t\t\t<h1 class=\"elementor-heading-title elementor-size-default\">Services<\/h1>\t\t\t\t<\/div>\n\t\t\t\t<\/div>\n\t\t\t\t<\/div>\n\t\t\t\t\t<\/div>\n\t\t\t\t<\/div>\n\t\t<div class=\"elementor-element elementor-element-14c8b95 e-flex e-con-boxed e-con e-parent\" data-id=\"14c8b95\" data-element_type=\"container\" data-e-type=\"container\" data-settings=\"{&quot;background_background&quot;:&quot;classic&quot;}\">\n\t\t\t\t\t<div class=\"e-con-inner\">\n\t\t\t\t<div class=\"elementor-element elementor-element-5025abc elementor-widget elementor-widget-image\" data-id=\"5025abc\" data-element_type=\"widget\" data-e-type=\"widget\" data-widget_type=\"image.default\">\n\t\t\t\t<div class=\"elementor-widget-container\">\n\t\t\t\t\t\t\t\t\t\t\t\t\t\t\t<img fetchpriority=\"high\" decoding=\"async\" width=\"1024\" height=\"646\" src=\"https:\/\/taxiparis.contact\/wp-content\/uploads\/2024\/05\/air-france-1024x646.webp\" class=\"attachment-large size-large wp-image-24586\" alt=\"\" srcset=\"https:\/\/taxiparis.contact\/wp-content\/uploads\/2024\/05\/air-france-1024x646.webp 1024w, https:\/\/taxiparis.contact\/wp-content\/uploads\/2024\/05\/air-france-600x378.webp 600w, https:\/\/taxiparis.contact\/wp-content\/uploads\/2024\/05\/air-france-300x189.webp 300w, https:\/\/taxiparis.contact\/wp-content\/uploads\/2024\/05\/air-france-768x484.webp 768w, https:\/\/taxiparis.contact\/wp-content\/uploads\/2024\/05\/air-france-18x12.webp 18w, https:\/\/taxiparis.contact\/wp-content\/uploads\/2024\/05\/air-france-460x290.webp 460w, https:\/\/taxiparis.contact\/wp-content\/uploads\/2024\/05\/air-france-800x504.webp 800w, https:\/\/taxiparis.contact\/wp-content\/uploads\/2024\/05\/air-france.webp 1280w\" sizes=\"(max-width: 1024px) 100vw, 1024px\" \/>\t\t\t\t\t\t\t\t\t\t\t\t\t\t\t<\/div>\n\t\t\t\t<\/div>\n\t\t<div class=\"elementor-element elementor-element-e3281c7 e-flex e-con-boxed e-con e-child\" data-id=\"e3281c7\" data-element_type=\"container\" data-e-type=\"container\">\n\t\t\t\t\t<div class=\"e-con-inner\">\n\t\t\t\t<div class=\"elementor-element elementor-element-b266784 elementor-widget elementor-widget-heading\" data-id=\"b266784\" data-element_type=\"widget\" data-e-type=\"widget\" data-widget_type=\"heading.default\">\n\t\t\t\t<div class=\"elementor-widget-container\">\n\t\t\t\t\t<h2 class=\"elementor-heading-title elementor-size-default\">AIRPORT TRANSFERS<\/h2>\t\t\t\t<\/div>\n\t\t\t\t<\/div>\n\t\t\t\t<div class=\"elementor-element elementor-element-a995fb6 elementor-widget elementor-widget-text-editor\" data-id=\"a995fb6\" data-element_type=\"widget\" data-e-type=\"widget\" data-widget_type=\"text-editor.default\">\n\t\t\t\t<div class=\"elementor-widget-container\">\n\t\t\t\t\t\t\t\t\t<p><span style=\"color: #000000;\">To start your ride with peace of mind, book your transfer to or from the airport with Taxi Paris. Benefit from attractive, transparent rates, ensuring punctual arrival and a comfortable ride to your terminal.<\/span><\/p><p><span style=\"color: #000000;\">- Orly airport<\/span><br \/><span style=\"color: #000000;\">- Charles du Gaulles airport<\/span><br \/><span style=\"color: #000000;\">- Beauvais airport<\/span><br \/><span style=\"color: #000000;\">-Bourget airport<br \/><\/span><\/p>\t\t\t\t\t\t\t\t<\/div>\n\t\t\t\t<\/div>\n\t\t\t\t\t<\/div>\n\t\t\t\t<\/div>\n\t\t\t\t\t<\/div>\n\t\t\t\t<\/div>\n\t\t<div class=\"elementor-element elementor-element-2007770 e-flex e-con-boxed e-con e-parent\" data-id=\"2007770\" data-element_type=\"container\" data-e-type=\"container\" data-settings=\"{&quot;background_background&quot;:&quot;classic&quot;}\">\n\t\t\t\t\t<div class=\"e-con-inner\">\n\t\t<div class=\"elementor-element elementor-element-7b3008c e-flex e-con-boxed e-con e-child\" data-id=\"7b3008c\" data-element_type=\"container\" data-e-type=\"container\">\n\t\t\t\t\t<div class=\"e-con-inner\">\n\t\t\t\t<div class=\"elementor-element elementor-element-cfe09b1 elementor-widget elementor-widget-heading\" data-id=\"cfe09b1\" data-element_type=\"widget\" data-e-type=\"widget\" data-widget_type=\"heading.default\">\n\t\t\t\t<div class=\"elementor-widget-container\">\n\t\t\t\t\t<h2 class=\"elementor-heading-title elementor-size-default\">TOURISM<\/h2>\t\t\t\t<\/div>\n\t\t\t\t<\/div>\n\t\t\t\t<div class=\"elementor-element elementor-element-87bdba6 elementor-widget elementor-widget-text-editor\" data-id=\"87bdba6\" data-element_type=\"widget\" data-e-type=\"widget\" data-widget_type=\"text-editor.default\">\n\t\t\t\t<div class=\"elementor-widget-container\">\n\t\t\t\t\t\t\t\t\t<p>Whether you need to get around town, go to an appointment or discover local attractions, our professional Taxi Paris drivers are at your service. Take advantage of competitive pricing and excellent value for money for safe and efficient rides.<\/p><p><span style=\"color: #000000;\">- Eiffel Tower<\/span><br \/><span style=\"color: #000000;\">- Arch of Triumph<\/span><br \/><span style=\"color: #000000;\">- Louvre<\/span><br \/><span style=\"color: #000000;\">\u2013Versailles<br \/>\u2013 Disney<br \/>- Asterix<br \/><\/span><\/p>\t\t\t\t\t\t\t\t<\/div>\n\t\t\t\t<\/div>\n\t\t\t\t\t<\/div>\n\t\t\t\t<\/div>\n\t\t\t\t<div class=\"elementor-element elementor-element-3d69f9b elementor-widget elementor-widget-image\" data-id=\"3d69f9b\" data-element_type=\"widget\" data-e-type=\"widget\" data-widget_type=\"image.default\">\n\t\t\t\t<div class=\"elementor-widget-container\">\n\t\t\t\t\t\t\t\t\t\t\t\t\t\t\t<img decoding=\"async\" width=\"1024\" height=\"646\" src=\"https:\/\/taxiparis.contact\/wp-content\/uploads\/2024\/05\/disney-land-1-1024x646.webp\" class=\"attachment-large size-large wp-image-24592\" alt=\"\" srcset=\"https:\/\/taxiparis.contact\/wp-content\/uploads\/2024\/05\/disney-land-1-1024x646.webp 1024w, https:\/\/taxiparis.contact\/wp-content\/uploads\/2024\/05\/disney-land-1-600x378.webp 600w, https:\/\/taxiparis.contact\/wp-content\/uploads\/2024\/05\/disney-land-1-300x189.webp 300w, https:\/\/taxiparis.contact\/wp-content\/uploads\/2024\/05\/disney-land-1-768x484.webp 768w, https:\/\/taxiparis.contact\/wp-content\/uploads\/2024\/05\/disney-land-1-18x12.webp 18w, https:\/\/taxiparis.contact\/wp-content\/uploads\/2024\/05\/disney-land-1-460x290.webp 460w, https:\/\/taxiparis.contact\/wp-content\/uploads\/2024\/05\/disney-land-1-800x504.webp 800w, https:\/\/taxiparis.contact\/wp-content\/uploads\/2024\/05\/disney-land-1.webp 1280w\" sizes=\"(max-width: 1024px) 100vw, 1024px\" \/>\t\t\t\t\t\t\t\t\t\t\t\t\t\t\t<\/div>\n\t\t\t\t<\/div>\n\t\t\t\t\t<\/div>\n\t\t\t\t<\/div>\n\t\t<div class=\"elementor-element elementor-element-ef31d87 e-flex e-con-boxed e-con e-parent\" data-id=\"ef31d87\" data-element_type=\"container\" data-e-type=\"container\" data-settings=\"{&quot;background_background&quot;:&quot;classic&quot;}\">\n\t\t\t\t\t<div class=\"e-con-inner\">\n\t\t\t\t<div class=\"elementor-element elementor-element-e7274e5 elementor-widget elementor-widget-image\" data-id=\"e7274e5\" data-element_type=\"widget\" data-e-type=\"widget\" data-widget_type=\"image.default\">\n\t\t\t\t<div class=\"elementor-widget-container\">\n\t\t\t\t\t\t\t\t\t\t\t\t\t\t\t<img decoding=\"async\" width=\"1024\" height=\"646\" src=\"https:\/\/taxiparis.contact\/wp-content\/uploads\/2024\/05\/Chateau-Versailles-1024x646.webp\" class=\"attachment-large size-large wp-image-24599\" alt=\"\" srcset=\"https:\/\/taxiparis.contact\/wp-content\/uploads\/2024\/05\/Chateau-Versailles-1024x646.webp 1024w, https:\/\/taxiparis.contact\/wp-content\/uploads\/2024\/05\/Chateau-Versailles-600x378.webp 600w, https:\/\/taxiparis.contact\/wp-content\/uploads\/2024\/05\/Chateau-Versailles-300x189.webp 300w, https:\/\/taxiparis.contact\/wp-content\/uploads\/2024\/05\/Chateau-Versailles-768x484.webp 768w, https:\/\/taxiparis.contact\/wp-content\/uploads\/2024\/05\/Chateau-Versailles-18x12.webp 18w, https:\/\/taxiparis.contact\/wp-content\/uploads\/2024\/05\/Chateau-Versailles-460x290.webp 460w, https:\/\/taxiparis.contact\/wp-content\/uploads\/2024\/05\/Chateau-Versailles-800x504.webp 800w, https:\/\/taxiparis.contact\/wp-content\/uploads\/2024\/05\/Chateau-Versailles.webp 1280w\" sizes=\"(max-width: 1024px) 100vw, 1024px\" \/>\t\t\t\t\t\t\t\t\t\t\t\t\t\t\t<\/div>\n\t\t\t\t<\/div>\n\t\t<div class=\"elementor-element elementor-element-02d6224 e-flex e-con-boxed e-con e-child\" data-id=\"02d6224\" data-element_type=\"container\" data-e-type=\"container\">\n\t\t\t\t\t<div class=\"e-con-inner\">\n\t\t\t\t<div class=\"elementor-element elementor-element-1d39f5e elementor-widget elementor-widget-heading\" data-id=\"1d39f5e\" data-element_type=\"widget\" data-e-type=\"widget\" data-widget_type=\"heading.default\">\n\t\t\t\t<div class=\"elementor-widget-container\">\n\t\t\t\t\t<h2 class=\"elementor-heading-title elementor-size-default\">PROVISION<\/h2>\t\t\t\t<\/div>\n\t\t\t\t<\/div>\n\t\t\t\t<div class=\"elementor-element elementor-element-d284cb9 elementor-widget elementor-widget-text-editor\" data-id=\"d284cb9\" data-element_type=\"widget\" data-e-type=\"widget\" data-widget_type=\"text-editor.default\">\n\t\t\t\t<div class=\"elementor-widget-container\">\n\t\t\t\t\t\t\t\t\t<p><span style=\"color: #000000;\">We can provide you with a fully-equipped vehicle, accompanied by a professional driver.<\/span><\/p><p><span style=\"color: #000000;\">- Business meetings<\/span><br \/><span style=\"color: #000000;\">- Shopping day<\/span><br \/><span style=\"color: #000000;\">- Wedding<\/span><br \/><span style=\"color: #000000;\">- Events<\/span><\/p>\t\t\t\t\t\t\t\t<\/div>\n\t\t\t\t<\/div>\n\t\t\t\t\t<\/div>\n\t\t\t\t<\/div>\n\t\t\t\t\t<\/div>\n\t\t\t\t<\/div>\n\t\t<div class=\"elementor-element elementor-element-90bbe71 e-flex e-con-boxed e-con e-parent\" data-id=\"90bbe71\" data-element_type=\"container\" data-e-type=\"container\" data-settings=\"{&quot;background_background&quot;:&quot;classic&quot;}\">\n\t\t\t\t\t<div class=\"e-con-inner\">\n\t\t<div class=\"elementor-element elementor-element-c039346 e-flex e-con-boxed e-con e-child\" data-id=\"c039346\" data-element_type=\"container\" data-e-type=\"container\">\n\t\t\t\t\t<div class=\"e-con-inner\">\n\t\t\t\t<div class=\"elementor-element elementor-element-5ff797f elementor-widget elementor-widget-heading\" data-id=\"5ff797f\" data-element_type=\"widget\" data-e-type=\"widget\" data-widget_type=\"heading.default\">\n\t\t\t\t<div class=\"elementor-widget-container\">\n\t\t\t\t\t<h2 class=\"elementor-heading-title elementor-size-default\">STATION TRANSFERS<\/h2>\t\t\t\t<\/div>\n\t\t\t\t<\/div>\n\t\t\t\t<div class=\"elementor-element elementor-element-5423dd9 elementor-widget elementor-widget-text-editor\" data-id=\"5423dd9\" data-element_type=\"widget\" data-e-type=\"widget\" data-widget_type=\"text-editor.default\">\n\t\t\t\t<div class=\"elementor-widget-container\">\n\t\t\t\t\t\t\t\t\t<p style=\"color: #000000;\">Travel without worries using our station transfers!<br \/>We'll meet you at the station and drop you off on time. We adapt to your needs, by booking or on request. We offer you competitive prices to suit all budgets. We're there for you, with a smile. A customised solution to your transport needs in Paris or elsewhere.<\/p><p><span style=\"color: #000000;\">- North Station<\/span><br \/><span style=\"color: #000000;\">- Montparnasse station<\/span><br \/><span style=\"color: #000000;\">- East Station<\/span><br \/><span style=\"color: #000000;\">- Austerlitz station<\/span><br \/><span style=\"color: #000000;\">- Lvon station<\/span><br \/><span style=\"color: #000000;\">- Marne la Vall\u00e9e station<\/span><\/p>\t\t\t\t\t\t\t\t<\/div>\n\t\t\t\t<\/div>\n\t\t\t\t\t<\/div>\n\t\t\t\t<\/div>\n\t\t\t\t<div class=\"elementor-element elementor-element-62d208f elementor-widget elementor-widget-image\" data-id=\"62d208f\" data-element_type=\"widget\" data-e-type=\"widget\" data-widget_type=\"image.default\">\n\t\t\t\t<div class=\"elementor-widget-container\">\n\t\t\t\t\t\t\t\t\t\t\t\t\t\t\t<img loading=\"lazy\" decoding=\"async\" width=\"1024\" height=\"576\" src=\"https:\/\/taxiparis.contact\/wp-content\/uploads\/2024\/05\/transfert-gare-1024x576.webp\" class=\"attachment-large size-large wp-image-25001\" alt=\"\" srcset=\"https:\/\/taxiparis.contact\/wp-content\/uploads\/2024\/05\/transfert-gare-1024x576.webp 1024w, https:\/\/taxiparis.contact\/wp-content\/uploads\/2024\/05\/transfert-gare-600x338.webp 600w, https:\/\/taxiparis.contact\/wp-content\/uploads\/2024\/05\/transfert-gare-300x169.webp 300w, https:\/\/taxiparis.contact\/wp-content\/uploads\/2024\/05\/transfert-gare-768x432.webp 768w, https:\/\/taxiparis.contact\/wp-content\/uploads\/2024\/05\/transfert-gare-18x10.webp 18w, https:\/\/taxiparis.contact\/wp-content\/uploads\/2024\/05\/transfert-gare-460x259.webp 460w, https:\/\/taxiparis.contact\/wp-content\/uploads\/2024\/05\/transfert-gare-800x450.webp 800w, https:\/\/taxiparis.contact\/wp-content\/uploads\/2024\/05\/transfert-gare.webp 1279w\" sizes=\"(max-width: 1024px) 100vw, 1024px\" \/>\t\t\t\t\t\t\t\t\t\t\t\t\t\t\t<\/div>\n\t\t\t\t<\/div>\n\t\t\t\t\t<\/div>\n\t\t\t\t<\/div>\n\t\t\t\t<\/div>","protected":false},"excerpt":{"rendered":"<p>Prestation TRANSFERTS A\u00c9ROPORTS Pour commencer votre voyage en toute s\u00e9r\u00e9nit\u00e9, r\u00e9servez votre transfert vers ou depuis\u00a0 l\u2019a\u00e9roport avec Taxi Paris. B\u00e9n\u00e9ficier de tarifs attractifs et transparents, assurant une arriv\u00e9e ponctuelle et un trajet confortable jusqu&rsquo;\u00e0 votre terminal. \u2013 A\u00e9roport d&rsquo;Orly\u2013 A\u00e9roport Charles du Gaulles\u2013 A\u00e9roport Beauvais\u2013A\u00e9roport le Bourget TOURISME Que ce soit pour vous d\u00e9placer [&hellip;]<\/p>\n","protected":false},"author":4,"featured_media":0,"parent":0,"menu_order":0,"comment_status":"closed","ping_status":"closed","template":"","meta":{"site-sidebar-layout":"no-sidebar","site-content-layout":"page-builder","ast-site-content-layout":"full-width-container","site-content-style":"unboxed","site-sidebar-style":"unboxed","ast-global-header-display":"","ast-banner-title-visibility":"","ast-main-header-display":"","ast-hfb-above-header-display":"","ast-hfb-below-header-display":"","ast-hfb-mobile-header-display":"","site-post-title":"disabled","ast-breadcrumbs-content":"disabled","ast-featured-img":"disabled","footer-sml-layout":"","theme-transparent-header-meta":"enabled","adv-header-id-meta":"","stick-header-meta":"","header-above-stick-meta":"","header-main-stick-meta":"","header-below-stick-meta":"","astra-migrate-meta-layouts":"set","ast-page-background-enabled":"default","ast-page-background-meta":{"desktop":{"background-color":"var(--ast-global-color-4)","background-image":"","background-repeat":"repeat","background-position":"center center","background-size":"auto","background-attachment":"scroll","background-type":"","background-media":"","overlay-type":"","overlay-color":"","overlay-gradient":""},"tablet":{"background-color":"","background-image":"","background-repeat":"repeat","background-position":"center center","background-size":"auto","background-attachment":"scroll","background-type":"","background-media":"","overlay-type":"","overlay-color":"","overlay-gradient":""},"mobile":{"background-color":"","background-image":"","background-repeat":"repeat","background-position":"center center","background-size":"auto","background-attachment":"scroll","background-type":"","background-media":"","overlay-type":"","overlay-color":"","overlay-gradient":""}},"ast-content-background-meta":{"desktop":{"background-color":"var(--ast-global-color-5)","background-image":"","background-repeat":"repeat","background-position":"center center","background-size":"auto","background-attachment":"scroll","background-type":"","background-media":"","overlay-type":"","overlay-color":"","overlay-gradient":""},"tablet":{"background-color":"var(--ast-global-color-5)","background-image":"","background-repeat":"repeat","background-position":"center center","background-size":"auto","background-attachment":"scroll","background-type":"","background-media":"","overlay-type":"","overlay-color":"","overlay-gradient":""},"mobile":{"background-color":"var(--ast-global-color-5)","background-image":"","background-repeat":"repeat","background-position":"center center","background-size":"auto","background-attachment":"scroll","background-type":"","background-media":"","overlay-type":"","overlay-color":"","overlay-gradient":""}},"footnotes":""},"class_list":["post-310","page","type-page","status-publish","hentry"],"aioseo_notices":[],"jetpack_sharing_enabled":true,"_links":{"self":[{"href":"https:\/\/taxiparis.contact\/en\/wp-json\/wp\/v2\/pages\/310","targetHints":{"allow":["GET"]}}],"collection":[{"href":"https:\/\/taxiparis.contact\/en\/wp-json\/wp\/v2\/pages"}],"about":[{"href":"https:\/\/taxiparis.contact\/en\/wp-json\/wp\/v2\/types\/page"}],"author":[{"embeddable":true,"href":"https:\/\/taxiparis.contact\/en\/wp-json\/wp\/v2\/users\/4"}],"replies":[{"embeddable":true,"href":"https:\/\/taxiparis.contact\/en\/wp-json\/wp\/v2\/comments?post=310"}],"version-history":[{"count":107,"href":"https:\/\/taxiparis.contact\/en\/wp-json\/wp\/v2\/pages\/310\/revisions"}],"predecessor-version":[{"id":25166,"href":"https:\/\/taxiparis.contact\/en\/wp-json\/wp\/v2\/pages\/310\/revisions\/25166"}],"wp:attachment":[{"href":"https:\/\/taxiparis.contact\/en\/wp-json\/wp\/v2\/media?parent=310"}],"curies":[{"name":"wp","href":"https:\/\/api.w.org\/{rel}","templated":true}]}}